{"id":5,"date":"2024-09-20T13:43:27","date_gmt":"2024-09-20T05:43:27","guid":{"rendered":"https:\/\/tialloyglobal.com\/about\/"},"modified":"2025-07-16T10:20:16","modified_gmt":"2025-07-16T02:20:16","slug":"about","status":"publish","type":"page","link":"https:\/\/tialloyglobal.com\/es\/about\/","title":{"rendered":"About"},"content":{"rendered":"<div data-elementor-type=\"wp-post\" data-elementor-id=\"5\" class=\"elementor elementor-5\" data-elementor-settings=\"{&quot;element_pack_global_tooltip_width&quot;:{&quot;unit&quot;:&quot;px&quot;,&quot;size&quot;:&quot;&quot;,&quot;sizes&quot;:[]},&quot;element_pack_global_tooltip_width_tablet&quot;:{&quot;unit&quot;:&quot;px&quot;,&quot;size&quot;:&quot;&quot;,&quot;sizes&quot;:[]},&quot;element_pack_global_tooltip_width_mobile&quot;:{&quot;unit&quot;:&quot;px&quot;,&quot;size&quot;:&quot;&quot;,&quot;sizes&quot;:[]},&quot;element_pack_global_tooltip_padding&quot;:{&quot;unit&quot;:&quot;px&quot;,&quot;top&quot;:&quot;&quot;,&quot;right&quot;:&quot;&quot;,&quot;bottom&quot;:&quot;&quot;,&quot;left&quot;:&quot;&quot;,&quot;isLinked&quot;:true},&quot;element_pack_global_tooltip_padding_tablet&quot;:{&quot;unit&quot;:&quot;px&quot;,&quot;top&quot;:&quot;&quot;,&quot;right&quot;:&quot;&quot;,&quot;bottom&quot;:&quot;&quot;,&quot;left&quot;:&quot;&quot;,&quot;isLinked&quot;:true},&quot;element_pack_global_tooltip_padding_mobile&quot;:{&quot;unit&quot;:&quot;px&quot;,&quot;top&quot;:&quot;&quot;,&quot;right&quot;:&quot;&quot;,&quot;bottom&quot;:&quot;&quot;,&quot;left&quot;:&quot;&quot;,&quot;isLinked&quot;:true},&quot;element_pack_global_tooltip_border_radius&quot;:{&quot;unit&quot;:&quot;px&quot;,&quot;top&quot;:&quot;&quot;,&quot;right&quot;:&quot;&quot;,&quot;bottom&quot;:&quot;&quot;,&quot;left&quot;:&quot;&quot;,&quot;isLinked&quot;:true},&quot;element_pack_global_tooltip_border_radius_tablet&quot;:{&quot;unit&quot;:&quot;px&quot;,&quot;top&quot;:&quot;&quot;,&quot;right&quot;:&quot;&quot;,&quot;bottom&quot;:&quot;&quot;,&quot;left&quot;:&quot;&quot;,&quot;isLinked&quot;:true},&quot;element_pack_global_tooltip_border_radius_mobile&quot;:{&quot;unit&quot;:&quot;px&quot;,&quot;top&quot;:&quot;&quot;,&quot;right&quot;:&quot;&quot;,&quot;bottom&quot;:&quot;&quot;,&quot;left&quot;:&quot;&quot;,&quot;isLinked&quot;:true}}\" data-elementor-post-type=\"page\">\n\t\t\t\t<div class=\"elementor-element elementor-element-5f02ddf e-flex e-con-boxed e-con e-parent\" data-id=\"5f02ddf\" data-element_type=\"container\" data-e-type=\"container\" data-settings=\"{&quot;background_background&quot;:&quot;classic&quot;}\">\n\t\t\t\t\t<div class=\"e-con-inner\">\n\t\t<div class=\"elementor-element elementor-element-0502d81 e-con-full e-flex e-con e-child\" data-id=\"0502d81\" data-element_type=\"container\" data-e-type=\"container\">\n\t\t\t\t<div class=\"elementor-element elementor-element-03d202b elementor-widget elementor-widget-heading\" data-id=\"03d202b\" data-element_type=\"widget\" data-e-type=\"widget\" data-widget_type=\"heading.default\">\n\t\t\t\t<div class=\"elementor-widget-container\">\n\t\t\t\t\t<h1 class=\"elementor-heading-title elementor-size-default\">Qui\u00e9nes somos<\/h1>\t\t\t\t<\/div>\n\t\t\t\t<\/div>\n\t\t\t\t<\/div>\n\t\t\t\t\t<\/div>\n\t\t\t\t<\/div>\n\t\t<div class=\"elementor-element elementor-element-ce23579 e-flex e-con-boxed e-con e-parent\" data-id=\"ce23579\" data-element_type=\"container\" data-e-type=\"container\">\n\t\t\t\t\t<div class=\"e-con-inner\">\n\t\t<div class=\"elementor-element elementor-element-89a7aec e-con-full e-flex e-con e-child\" data-id=\"89a7aec\" data-element_type=\"container\" data-e-type=\"container\">\n\t\t\t\t<div class=\"elementor-element elementor-element-a01f0dc elementor-widget elementor-widget-heading\" data-id=\"a01f0dc\" data-element_type=\"widget\" data-e-type=\"widget\" data-widget_type=\"heading.default\">\n\t\t\t\t<div class=\"elementor-widget-container\">\n\t\t\t\t\t<h2 class=\"elementor-heading-title elementor-size-default\">Qui\u00e9nes somos<\/h2>\t\t\t\t<\/div>\n\t\t\t\t<\/div>\n\t\t\t\t<div class=\"elementor-element elementor-element-c43b3dd elementor-widget-divider--view-line elementor-widget elementor-widget-divider\" data-id=\"c43b3dd\" data-element_type=\"widget\" data-e-type=\"widget\" data-widget_type=\"divider.default\">\n\t\t\t\t<div class=\"elementor-widget-container\">\n\t\t\t\t\t\t\t<div class=\"elementor-divider\">\n\t\t\t<span class=\"elementor-divider-separator\">\n\t\t\t\t\t\t<\/span>\n\t\t<\/div>\n\t\t\t\t\t\t<\/div>\n\t\t\t\t<\/div>\n\t\t\t\t<div class=\"elementor-element elementor-element-e871351 elementor-widget elementor-widget-text-editor\" data-id=\"e871351\" data-element_type=\"widget\" data-e-type=\"widget\" data-widget_type=\"text-editor.default\">\n\t\t\t\t<div class=\"elementor-widget-container\">\n\t\t\t\t\t\t\t\t\t<p>Shanghai Mayboxonn New Material Technology Co., LTD. centrada en el campo de los materiales de titanio desde hace m\u00e1s de 40 a\u00f1os, es una empresa de alta tecnolog\u00eda que integra investigaci\u00f3n y desarrollo, dise\u00f1o, producci\u00f3n y venta. Especializada en el negocio del titanio, el n\u00edquel y sus aleaciones y materiales compuestos, los productos de chapa, l\u00e1mina, barra, forja, tubo sin soldadura, a medida seg\u00fan el dibujo, etc., se exportan a muchos pa\u00edses y regiones, clientes de todo el mundo. Estamos comprometidos a proporcionar una gama completa de soluciones de materiales para la aviaci\u00f3n, aeroespacial, petr\u00f3leo, qu\u00edmica, marina, m\u00e9dica, construcci\u00f3n y otras industrias.<\/p>\t\t\t\t\t\t\t\t<\/div>\n\t\t\t\t<\/div>\n\t\t\t\t<\/div>\n\t\t<div class=\"elementor-element elementor-element-e8e4600 e-con-full e-flex e-con e-child\" data-id=\"e8e4600\" data-element_type=\"container\" data-e-type=\"container\">\n\t\t\t\t<div class=\"elementor-element elementor-element-6060d91 elementor-widget elementor-widget-image\" data-id=\"6060d91\" data-element_type=\"widget\" data-e-type=\"widget\" data-widget_type=\"image.default\">\n\t\t\t\t<div class=\"elementor-widget-container\">\n\t\t\t\t\t\t\t\t\t\t\t\t\t\t\t<img fetchpriority=\"high\" decoding=\"async\" width=\"2560\" height=\"1527\" src=\"https:\/\/tialloyglobal.com\/wp-content\/uploads\/2024\/09\/chang-menkou-scaled.jpg\" class=\"attachment-full size-full wp-image-2109\" alt=\"\" srcset=\"https:\/\/tialloyglobal.com\/wp-content\/uploads\/2024\/09\/chang-menkou-scaled.jpg 2560w, https:\/\/tialloyglobal.com\/wp-content\/uploads\/2024\/09\/chang-menkou-300x179.jpg 300w, https:\/\/tialloyglobal.com\/wp-content\/uploads\/2024\/09\/chang-menkou-1024x611.jpg 1024w, https:\/\/tialloyglobal.com\/wp-content\/uploads\/2024\/09\/chang-menkou-768x458.jpg 768w, https:\/\/tialloyglobal.com\/wp-content\/uploads\/2024\/09\/chang-menkou-1536x916.jpg 1536w, https:\/\/tialloyglobal.com\/wp-content\/uploads\/2024\/09\/chang-menkou-2048x1222.jpg 2048w, https:\/\/tialloyglobal.com\/wp-content\/uploads\/2024\/09\/chang-menkou-600x358.jpg 600w\" sizes=\"(max-width: 2560px) 100vw, 2560px\" \/>\t\t\t\t\t\t\t\t\t\t\t\t\t\t\t<\/div>\n\t\t\t\t<\/div>\n\t\t<div class=\"elementor-element elementor-element-9cb5ad8 e-grid e-con-boxed e-con e-child\" data-id=\"9cb5ad8\" data-element_type=\"container\" data-e-type=\"container\">\n\t\t\t\t\t<div class=\"e-con-inner\">\n\t\t\t\t<div class=\"elementor-element elementor-element-251534a elementor-widget elementor-widget-image\" data-id=\"251534a\" data-element_type=\"widget\" data-e-type=\"widget\" data-widget_type=\"image.default\">\n\t\t\t\t<div class=\"elementor-widget-container\">\n\t\t\t\t\t\t\t\t\t\t\t\t\t\t\t<img decoding=\"async\" width=\"1334\" height=\"1001\" src=\"https:\/\/tialloyglobal.com\/wp-content\/uploads\/2024\/09\/QQ\u56fe\u724720170815172812.jpg\" class=\"attachment-full size-full wp-image-2113\" alt=\"\" srcset=\"https:\/\/tialloyglobal.com\/wp-content\/uploads\/2024\/09\/QQ\u56fe\u724720170815172812.jpg 1334w, https:\/\/tialloyglobal.com\/wp-content\/uploads\/2024\/09\/QQ\u56fe\u724720170815172812-300x225.jpg 300w, https:\/\/tialloyglobal.com\/wp-content\/uploads\/2024\/09\/QQ\u56fe\u724720170815172812-1024x768.jpg 1024w, https:\/\/tialloyglobal.com\/wp-content\/uploads\/2024\/09\/QQ\u56fe\u724720170815172812-768x576.jpg 768w, https:\/\/tialloyglobal.com\/wp-content\/uploads\/2024\/09\/QQ\u56fe\u724720170815172812-600x450.jpg 600w\" sizes=\"(max-width: 1334px) 100vw, 1334px\" loading=\"lazy\" \/>\t\t\t\t\t\t\t\t\t\t\t\t\t\t\t<\/div>\n\t\t\t\t<\/div>\n\t\t\t\t<div class=\"elementor-element elementor-element-97b3223 elementor-widget elementor-widget-image\" data-id=\"97b3223\" data-element_type=\"widget\" data-e-type=\"widget\" data-widget_type=\"image.default\">\n\t\t\t\t<div class=\"elementor-widget-container\">\n\t\t\t\t\t\t\t\t\t\t\t\t\t\t\t<img decoding=\"async\" width=\"1334\" height=\"1001\" src=\"https:\/\/tialloyglobal.com\/wp-content\/uploads\/2024\/09\/QQ\u56fe\u724720170815172938.jpg\" class=\"attachment-full size-full wp-image-2114\" alt=\"\" srcset=\"https:\/\/tialloyglobal.com\/wp-content\/uploads\/2024\/09\/QQ\u56fe\u724720170815172938.jpg 1334w, https:\/\/tialloyglobal.com\/wp-content\/uploads\/2024\/09\/QQ\u56fe\u724720170815172938-300x225.jpg 300w, https:\/\/tialloyglobal.com\/wp-content\/uploads\/2024\/09\/QQ\u56fe\u724720170815172938-1024x768.jpg 1024w, https:\/\/tialloyglobal.com\/wp-content\/uploads\/2024\/09\/QQ\u56fe\u724720170815172938-768x576.jpg 768w, https:\/\/tialloyglobal.com\/wp-content\/uploads\/2024\/09\/QQ\u56fe\u724720170815172938-600x450.jpg 600w\" sizes=\"(max-width: 1334px) 100vw, 1334px\" loading=\"lazy\" \/>\t\t\t\t\t\t\t\t\t\t\t\t\t\t\t<\/div>\n\t\t\t\t<\/div>\n\t\t\t\t\t<\/div>\n\t\t\t\t<\/div>\n\t\t\t\t<\/div>\n\t\t\t\t\t<\/div>\n\t\t\t\t<\/div>\n\t\t\t\t<\/div>","protected":false},"excerpt":{"rendered":"<p>About Us About Us Shanghai Mayboxonn New Material Technology Co., LTD. focusing on the field of titanium materials for more than 40 years,\u00a0and\u00a0is a high-tech enterprise integrating research and development, design, production and sales. Specialized in the business of titanium, nickel and its alloy and composite materials, products involving sheet, foil, bar, forging, seamless pipe, [&hellip;]<\/p>","protected":false},"author":1,"featured_media":0,"parent":0,"menu_order":0,"comment_status":"closed","ping_status":"closed","template":"","meta":{"site-sidebar-layout":"no-sidebar","site-content-layout":"page-builder","ast-site-content-layout":"full-width-container","site-content-style":"unboxed","site-sidebar-style":"unboxed","ast-global-header-display":"","ast-banner-title-visibility":"","ast-main-header-display":"","ast-hfb-above-header-display":"","ast-hfb-below-header-display":"","ast-hfb-mobile-header-display":"","site-post-title":"disabled","ast-breadcrumbs-content":"","ast-featured-img":"disabled","footer-sml-layout":"","theme-transparent-header-meta":"enabled","adv-header-id-meta":"","stick-header-meta":"","header-above-stick-meta":"","header-main-stick-meta":"","header-below-stick-meta":"","astra-migrate-meta-layouts":"set","ast-page-background-enabled":"default","ast-page-background-meta":{"desktop":{"background-color":"","background-image":"","background-repeat":"repeat","background-position":"center center","background-size":"auto","background-attachment":"scroll","background-type":"","background-media":"","overlay-type":"","overlay-color":"","overlay-opacity":"","overlay-gradient":""},"tablet":{"background-color":"","background-image":"","background-repeat":"repeat","background-position":"center center","background-size":"auto","background-attachment":"scroll","background-type":"","background-media":"","overlay-type":"","overlay-color":"","overlay-opacity":"","overlay-gradient":""},"mobile":{"background-color":"","background-image":"","background-repeat":"repeat","background-position":"center center","background-size":"auto","background-attachment":"scroll","background-type":"","background-media":"","overlay-type":"","overlay-color":"","overlay-opacity":"","overlay-gradient":""}},"ast-content-background-meta":{"desktop":{"background-color":"var(--ast-global-color-5)","background-image":"","background-repeat":"repeat","background-position":"center center","background-size":"auto","background-attachment":"scroll","background-type":"","background-media":"","overlay-type":"","overlay-color":"","overlay-opacity":"","overlay-gradient":""},"tablet":{"background-color":"var(--ast-global-color-5)","background-image":"","background-repeat":"repeat","background-position":"center center","background-size":"auto","background-attachment":"scroll","background-type":"","background-media":"","overlay-type":"","overlay-color":"","overlay-opacity":"","overlay-gradient":""},"mobile":{"background-color":"var(--ast-global-color-5)","background-image":"","background-repeat":"repeat","background-position":"center center","background-size":"auto","background-attachment":"scroll","background-type":"","background-media":"","overlay-type":"","overlay-color":"","overlay-opacity":"","overlay-gradient":""}},"footnotes":""},"class_list":["post-5","page","type-page","status-publish","hentry"],"yoast_head":"<!-- This site is optimized with the Yoast SEO Premium plugin v25.5 (Yoast SEO v25.5) - https:\/\/yoast.com\/wordpress\/plugins\/seo\/ -->\n<title>About - tialloyglobal- all kinds of titanium materials<\/title>\n<meta name=\"robots\" content=\"index, follow, max-snippet:-1, max-image-preview:large, max-video-preview:-1\" \/>\n<link rel=\"canonical\" href=\"https:\/\/tialloyglobal.com\/es\/about\/\" \/>\n<meta property=\"og:locale\" content=\"es_ES\" \/>\n<meta property=\"og:type\" content=\"article\" \/>\n<meta property=\"og:title\" content=\"About\" \/>\n<meta property=\"og:description\" content=\"About Us About Us Shanghai Mayboxonn New Material Technology Co., LTD. focusing on the field of titanium materials for more than 40 years,\u00a0and\u00a0is a high-tech enterprise integrating research and development, design, production and sales. Specialized in the business of titanium, nickel and its alloy and composite materials, products involving sheet, foil, bar, forging, seamless pipe, [&hellip;]\" \/>\n<meta property=\"og:url\" content=\"https:\/\/tialloyglobal.com\/es\/about\/\" \/>\n<meta property=\"og:site_name\" content=\"tialloyglobal- all kinds of titanium materials\" \/>\n<meta property=\"article:modified_time\" content=\"2025-07-16T02:20:16+00:00\" \/>\n<meta property=\"og:image\" content=\"http:\/\/tialloyglobal.com\/wp-content\/uploads\/2024\/09\/chang-menkou-scaled.jpg\" \/>\n<meta name=\"twitter:card\" content=\"summary_large_image\" \/>\n<meta name=\"twitter:label1\" content=\"Tiempo de lectura\" \/>\n\t<meta name=\"twitter:data1\" content=\"1 minuto\" \/>\n<script type=\"application\/ld+json\" class=\"yoast-schema-graph\">{\"@context\":\"https:\/\/schema.org\",\"@graph\":[{\"@type\":\"WebPage\",\"@id\":\"https:\/\/tialloyglobal.com\/about\/\",\"url\":\"https:\/\/tialloyglobal.com\/about\/\",\"name\":\"About - tialloyglobal- all kinds of titanium materials\",\"isPartOf\":{\"@id\":\"https:\/\/tialloyglobal.com\/#website\"},\"primaryImageOfPage\":{\"@id\":\"https:\/\/tialloyglobal.com\/about\/#primaryimage\"},\"image\":{\"@id\":\"https:\/\/tialloyglobal.com\/about\/#primaryimage\"},\"thumbnailUrl\":\"http:\/\/tialloyglobal.com\/wp-content\/uploads\/2024\/09\/chang-menkou-scaled.jpg\",\"datePublished\":\"2024-09-20T05:43:27+00:00\",\"dateModified\":\"2025-07-16T02:20:16+00:00\",\"breadcrumb\":{\"@id\":\"https:\/\/tialloyglobal.com\/about\/#breadcrumb\"},\"inLanguage\":\"es\",\"potentialAction\":[{\"@type\":\"ReadAction\",\"target\":[\"https:\/\/tialloyglobal.com\/about\/\"]}]},{\"@type\":\"ImageObject\",\"inLanguage\":\"es\",\"@id\":\"https:\/\/tialloyglobal.com\/about\/#primaryimage\",\"url\":\"http:\/\/tialloyglobal.com\/wp-content\/uploads\/2024\/09\/chang-menkou-scaled.jpg\",\"contentUrl\":\"http:\/\/tialloyglobal.com\/wp-content\/uploads\/2024\/09\/chang-menkou-scaled.jpg\"},{\"@type\":\"BreadcrumbList\",\"@id\":\"https:\/\/tialloyglobal.com\/about\/#breadcrumb\",\"itemListElement\":[{\"@type\":\"ListItem\",\"position\":1,\"name\":\"\u9996\u9875\",\"item\":\"https:\/\/tialloyglobal.com\/\"},{\"@type\":\"ListItem\",\"position\":2,\"name\":\"About\"}]},{\"@type\":\"WebSite\",\"@id\":\"https:\/\/tialloyglobal.com\/#website\",\"url\":\"https:\/\/tialloyglobal.com\/\",\"name\":\"tialloyglobal- all kinds of titanium materials\",\"description\":\"Leading Titanium Manufacturer: Specializing in premium titanium sheets, rods, foils, and precision machined components. Our state-of-the-art facility ensures top-quality products for diverse industries, including aerospace, medical, and automotive sectors. Your trusted partner for advanced titanium solutions.\",\"publisher\":{\"@id\":\"https:\/\/tialloyglobal.com\/#organization\"},\"potentialAction\":[{\"@type\":\"SearchAction\",\"target\":{\"@type\":\"EntryPoint\",\"urlTemplate\":\"https:\/\/tialloyglobal.com\/?s={search_term_string}\"},\"query-input\":{\"@type\":\"PropertyValueSpecification\",\"valueRequired\":true,\"valueName\":\"search_term_string\"}}],\"inLanguage\":\"es\"},{\"@type\":\"Organization\",\"@id\":\"https:\/\/tialloyglobal.com\/#organization\",\"name\":\"tialloyglobal- all kinds of titanium materials\",\"url\":\"https:\/\/tialloyglobal.com\/\",\"logo\":{\"@type\":\"ImageObject\",\"inLanguage\":\"es\",\"@id\":\"https:\/\/tialloyglobal.com\/#\/schema\/logo\/image\/\",\"url\":\"https:\/\/tialloyglobal.com\/wp-content\/uploads\/2020\/01\/logo.png\",\"contentUrl\":\"https:\/\/tialloyglobal.com\/wp-content\/uploads\/2020\/01\/logo.png\",\"width\":250,\"height\":70,\"caption\":\"tialloyglobal- all kinds of titanium materials\"},\"image\":{\"@id\":\"https:\/\/tialloyglobal.com\/#\/schema\/logo\/image\/\"}}]}<\/script>\n<!-- \/ Yoast SEO Premium plugin. -->","yoast_head_json":{"title":"About - tialloyglobal- all kinds of titanium materials","robots":{"index":"index","follow":"follow","max-snippet":"max-snippet:-1","max-image-preview":"max-image-preview:large","max-video-preview":"max-video-preview:-1"},"canonical":"https:\/\/tialloyglobal.com\/es\/about\/","og_locale":"es_ES","og_type":"article","og_title":"About","og_description":"About Us About Us Shanghai Mayboxonn New Material Technology Co., LTD. focusing on the field of titanium materials for more than 40 years,\u00a0and\u00a0is a high-tech enterprise integrating research and development, design, production and sales. Specialized in the business of titanium, nickel and its alloy and composite materials, products involving sheet, foil, bar, forging, seamless pipe, [&hellip;]","og_url":"https:\/\/tialloyglobal.com\/es\/about\/","og_site_name":"tialloyglobal- all kinds of titanium materials","article_modified_time":"2025-07-16T02:20:16+00:00","og_image":[{"url":"http:\/\/tialloyglobal.com\/wp-content\/uploads\/2024\/09\/chang-menkou-scaled.jpg","type":"","width":"","height":""}],"twitter_card":"summary_large_image","twitter_misc":{"Tiempo de lectura":"1 minuto"},"schema":{"@context":"https:\/\/schema.org","@graph":[{"@type":"WebPage","@id":"https:\/\/tialloyglobal.com\/about\/","url":"https:\/\/tialloyglobal.com\/about\/","name":"About - tialloyglobal- all kinds of titanium materials","isPartOf":{"@id":"https:\/\/tialloyglobal.com\/#website"},"primaryImageOfPage":{"@id":"https:\/\/tialloyglobal.com\/about\/#primaryimage"},"image":{"@id":"https:\/\/tialloyglobal.com\/about\/#primaryimage"},"thumbnailUrl":"http:\/\/tialloyglobal.com\/wp-content\/uploads\/2024\/09\/chang-menkou-scaled.jpg","datePublished":"2024-09-20T05:43:27+00:00","dateModified":"2025-07-16T02:20:16+00:00","breadcrumb":{"@id":"https:\/\/tialloyglobal.com\/about\/#breadcrumb"},"inLanguage":"es","potentialAction":[{"@type":"ReadAction","target":["https:\/\/tialloyglobal.com\/about\/"]}]},{"@type":"ImageObject","inLanguage":"es","@id":"https:\/\/tialloyglobal.com\/about\/#primaryimage","url":"http:\/\/tialloyglobal.com\/wp-content\/uploads\/2024\/09\/chang-menkou-scaled.jpg","contentUrl":"http:\/\/tialloyglobal.com\/wp-content\/uploads\/2024\/09\/chang-menkou-scaled.jpg"},{"@type":"BreadcrumbList","@id":"https:\/\/tialloyglobal.com\/about\/#breadcrumb","itemListElement":[{"@type":"ListItem","position":1,"name":"\u9996\u9875","item":"https:\/\/tialloyglobal.com\/"},{"@type":"ListItem","position":2,"name":"About"}]},{"@type":"WebSite","@id":"https:\/\/tialloyglobal.com\/#website","url":"https:\/\/tialloyglobal.com\/","name":"tialloyglobal- all kinds of titanium materials","description":"Leading Titanium Manufacturer: Specializing in premium titanium sheets, rods, foils, and precision machined components. Our state-of-the-art facility ensures top-quality products for diverse industries, including aerospace, medical, and automotive sectors. Your trusted partner for advanced titanium solutions.","publisher":{"@id":"https:\/\/tialloyglobal.com\/#organization"},"potentialAction":[{"@type":"SearchAction","target":{"@type":"EntryPoint","urlTemplate":"https:\/\/tialloyglobal.com\/?s={search_term_string}"},"query-input":{"@type":"PropertyValueSpecification","valueRequired":true,"valueName":"search_term_string"}}],"inLanguage":"es"},{"@type":"Organization","@id":"https:\/\/tialloyglobal.com\/#organization","name":"tialloyglobal- all kinds of titanium materials","url":"https:\/\/tialloyglobal.com\/","logo":{"@type":"ImageObject","inLanguage":"es","@id":"https:\/\/tialloyglobal.com\/#\/schema\/logo\/image\/","url":"https:\/\/tialloyglobal.com\/wp-content\/uploads\/2020\/01\/logo.png","contentUrl":"https:\/\/tialloyglobal.com\/wp-content\/uploads\/2020\/01\/logo.png","width":250,"height":70,"caption":"tialloyglobal- all kinds of titanium materials"},"image":{"@id":"https:\/\/tialloyglobal.com\/#\/schema\/logo\/image\/"}}]}},"_links":{"self":[{"href":"https:\/\/tialloyglobal.com\/es\/wp-json\/wp\/v2\/pages\/5"}],"collection":[{"href":"https:\/\/tialloyglobal.com\/es\/wp-json\/wp\/v2\/pages"}],"about":[{"href":"https:\/\/tialloyglobal.com\/es\/wp-json\/wp\/v2\/types\/page"}],"author":[{"embeddable":true,"href":"https:\/\/tialloyglobal.com\/es\/wp-json\/wp\/v2\/users\/1"}],"replies":[{"embeddable":true,"href":"https:\/\/tialloyglobal.com\/es\/wp-json\/wp\/v2\/comments?post=5"}],"version-history":[{"count":0,"href":"https:\/\/tialloyglobal.com\/es\/wp-json\/wp\/v2\/pages\/5\/revisions"}],"wp:attachment":[{"href":"https:\/\/tialloyglobal.com\/es\/wp-json\/wp\/v2\/media?parent=5"}],"curies":[{"name":"wp","href":"https:\/\/api.w.org\/{rel}","templated":true}]}}